{"id":1132,"date":"2018-07-07T11:27:10","date_gmt":"2018-07-07T11:27:10","guid":{"rendered":"http:\/\/shoptimizer.local\/?page_id=779"},"modified":"2025-06-23T09:41:00","modified_gmt":"2025-06-23T07:41:00","slug":"contact-us","status":"publish","type":"page","link":"https:\/\/www.pellesreiser.no\/en\/kontakt-oss\/","title":{"rendered":"Contact us"},"content":{"rendered":"\t\t<div data-elementor-type=\"wp-post\" data-elementor-id=\"1132\" class=\"elementor elementor-1132\" data-elementor-post-type=\"page\">\n\t\t\t\t\t\t<section class=\"elementor-section elementor-top-section elementor-element elementor-element-3fdebd4 elementor-section-content-top elementor-section-boxed elementor-section-height-default elementor-section-height-default\" data-id=\"3fdebd4\" data-element_type=\"section\" data-e-type=\"section\">\n\t\t\t\t\t\t<div class=\"elementor-container elementor-column-gap-wider\">\n\t\t\t\t\t<div class=\"elementor-column elementor-col-50 elementor-top-column elementor-element elementor-element-b276ccd\" data-id=\"b276ccd\" data-element_type=\"column\" data-e-type=\"column\">\n\t\t\t<div class=\"elementor-widget-wrap elementor-element-populated\">\n\t\t\t\t\t\t<div class=\"elementor-element elementor-element-85b3d25 elementor-widget elementor-widget-text-editor\" data-id=\"85b3d25\" data-element_type=\"widget\" data-e-type=\"widget\" data-widget_type=\"text-editor.default\">\n\t\t\t\t<div class=\"elementor-widget-container\">\n\t\t\t\t\t\t\t\t\t<h1>Ta kontakt med oss for mer informasjon eller en uforpliktende samtale.<\/h1><p><strong>Telefon:<\/strong>\u00a0+47\u00a0975 26 609<br \/><a href=\"mailto:tur@pellesreiser.no\">tur@pellesreiser.no<\/a><\/p><p><strong>Postadresse:<\/strong><br \/>Pelle\u2019s Service Partner as<br \/>Postboks 150<br \/>4126 J\u00f8rpeland<\/p><p><strong>Org.no:<\/strong>\u00a0936 934 706<\/p>\t\t\t\t\t\t\t\t<\/div>\n\t\t\t\t<\/div>\n\t\t\t\t<div class=\"elementor-element elementor-element-bd3b51e elementor-widget elementor-widget-heading\" data-id=\"bd3b51e\" data-element_type=\"widget\" data-e-type=\"widget\" data-widget_type=\"heading.default\">\n\t\t\t\t<div class=\"elementor-widget-container\">\n\t\t\t\t\t<h6 class=\"elementor-heading-title elementor-size-default\">Svar p\u00e5 ofte stilte sp\u00f8rsm\u00e5l<\/h6>\t\t\t\t<\/div>\n\t\t\t\t<\/div>\n\t\t\t\t<div class=\"elementor-element elementor-element-ca20b00 elementor-widget elementor-widget-heading\" data-id=\"ca20b00\" data-element_type=\"widget\" data-e-type=\"widget\" data-widget_type=\"heading.default\">\n\t\t\t\t<div class=\"elementor-widget-container\">\n\t\t\t\t\t<h2 class=\"elementor-heading-title elementor-size-default\">Ofte stilte sp\u00f8rm\u00e5l<\/h2>\t\t\t\t<\/div>\n\t\t\t\t<\/div>\n\t\t\t\t<div class=\"elementor-element elementor-element-8d97d7f elementor-widget elementor-widget-accordion\" data-id=\"8d97d7f\" data-element_type=\"widget\" data-e-type=\"widget\" data-widget_type=\"accordion.default\">\n\t\t\t\t<div class=\"elementor-widget-container\">\n\t\t\t\t\t\t\t<div class=\"elementor-accordion\">\n\t\t\t\t\t\t\t<div class=\"elementor-accordion-item\">\n\t\t\t\t\t<div id=\"elementor-tab-title-1481\" class=\"elementor-tab-title\" data-tab=\"1\" role=\"button\" aria-controls=\"elementor-tab-content-1481\" aria-expanded=\"false\">\n\t\t\t\t\t\t\t\t\t\t\t\t\t<span class=\"elementor-accordion-icon elementor-accordion-icon-right\" aria-hidden=\"true\">\n\t\t\t\t\t\t\t\t\t\t\t\t\t\t\t<span class=\"elementor-accordion-icon-closed\"><svg class=\"e-font-icon-svg e-fas-angle-down\" viewBox=\"0 0 320 512\" xmlns=\"http:\/\/www.w3.org\/2000\/svg\"><path d=\"M143 352.3L7 216.3c-9.4-9.4-9.4-24.6 0-33.9l22.6-22.6c9.4-9.4 24.6-9.4 33.9 0l96.4 96.4 96.4-96.4c9.4-9.4 24.6-9.4 33.9 0l22.6 22.6c9.4 9.4 9.4 24.6 0 33.9l-136 136c-9.2 9.4-24.4 9.4-33.8 0z\"><\/path><\/svg><\/span>\n\t\t\t\t\t\t\t\t<span class=\"elementor-accordion-icon-opened\"><svg class=\"e-font-icon-svg e-fas-angle-up\" viewBox=\"0 0 320 512\" xmlns=\"http:\/\/www.w3.org\/2000\/svg\"><path d=\"M177 159.7l136 136c9.4 9.4 9.4 24.6 0 33.9l-22.6 22.6c-9.4 9.4-24.6 9.4-33.9 0L160 255.9l-96.4 96.4c-9.4 9.4-24.6 9.4-33.9 0L7 329.7c-9.4-9.4-9.4-24.6 0-33.9l136-136c9.4-9.5 24.6-9.5 34-.1z\"><\/path><\/svg><\/span>\n\t\t\t\t\t\t\t\t\t\t\t\t\t\t<\/span>\n\t\t\t\t\t\t\t\t\t\t\t\t<a class=\"elementor-accordion-title\" tabindex=\"0\">Hva er pelle's reiser?<\/a>\n\t\t\t\t\t<\/div>\n\t\t\t\t\t<div id=\"elementor-tab-content-1481\" class=\"elementor-tab-content elementor-clearfix\" data-tab=\"1\" role=\"region\" aria-labelledby=\"elementor-tab-title-1481\"><p>Pelle`s Reiser er\u00a0<b>et nystartet turselskap som er lokalisert p\u00e5 J\u00f8rpeland i Ryfylke<\/b>. Vi tilbyr bussturer- i og utenfor Ryfylke. Pelle`s Reiser er en del av Pelle`s Service Partner AS.<\/p><\/div>\n\t\t\t\t<\/div>\n\t\t\t\t\t\t\t<div class=\"elementor-accordion-item\">\n\t\t\t\t\t<div id=\"elementor-tab-title-1482\" class=\"elementor-tab-title\" data-tab=\"2\" role=\"button\" aria-controls=\"elementor-tab-content-1482\" aria-expanded=\"false\">\n\t\t\t\t\t\t\t\t\t\t\t\t\t<span class=\"elementor-accordion-icon elementor-accordion-icon-right\" aria-hidden=\"true\">\n\t\t\t\t\t\t\t\t\t\t\t\t\t\t\t<span class=\"elementor-accordion-icon-closed\"><svg class=\"e-font-icon-svg e-fas-angle-down\" viewBox=\"0 0 320 512\" xmlns=\"http:\/\/www.w3.org\/2000\/svg\"><path d=\"M143 352.3L7 216.3c-9.4-9.4-9.4-24.6 0-33.9l22.6-22.6c9.4-9.4 24.6-9.4 33.9 0l96.4 96.4 96.4-96.4c9.4-9.4 24.6-9.4 33.9 0l22.6 22.6c9.4 9.4 9.4 24.6 0 33.9l-136 136c-9.2 9.4-24.4 9.4-33.8 0z\"><\/path><\/svg><\/span>\n\t\t\t\t\t\t\t\t<span class=\"elementor-accordion-icon-opened\"><svg class=\"e-font-icon-svg e-fas-angle-up\" viewBox=\"0 0 320 512\" xmlns=\"http:\/\/www.w3.org\/2000\/svg\"><path d=\"M177 159.7l136 136c9.4 9.4 9.4 24.6 0 33.9l-22.6 22.6c-9.4 9.4-24.6 9.4-33.9 0L160 255.9l-96.4 96.4c-9.4 9.4-24.6 9.4-33.9 0L7 329.7c-9.4-9.4-9.4-24.6 0-33.9l136-136c9.4-9.5 24.6-9.5 34-.1z\"><\/path><\/svg><\/span>\n\t\t\t\t\t\t\t\t\t\t\t\t\t\t<\/span>\n\t\t\t\t\t\t\t\t\t\t\t\t<a class=\"elementor-accordion-title\" tabindex=\"0\">Hvorfor Pelle's reiser?<\/a>\n\t\t\t\t\t<\/div>\n\t\t\t\t\t<div id=\"elementor-tab-content-1482\" class=\"elementor-tab-content elementor-clearfix\" data-tab=\"2\" role=\"region\" aria-labelledby=\"elementor-tab-title-1482\"><p>Vi kan til by god service, komfortable busser og konkurransedyktige priser.<\/p><\/div>\n\t\t\t\t<\/div>\n\t\t\t\t\t\t\t\t<\/div>\n\t\t\t\t\t\t<\/div>\n\t\t\t\t<\/div>\n\t\t\t\t\t<\/div>\n\t\t<\/div>\n\t\t\t\t<div class=\"elementor-column elementor-col-50 elementor-top-column elementor-element elementor-element-4e729dc\" data-id=\"4e729dc\" data-element_type=\"column\" data-e-type=\"column\">\n\t\t\t<div class=\"elementor-widget-wrap elementor-element-populated\">\n\t\t\t\t\t\t<div class=\"elementor-element elementor-element-99bc42d elementor-widget elementor-widget-heading\" data-id=\"99bc42d\" data-element_type=\"widget\" data-e-type=\"widget\" data-widget_type=\"heading.default\">\n\t\t\t\t<div class=\"elementor-widget-container\">\n\t\t\t\t\t<h6 class=\"elementor-heading-title elementor-size-default\">Trenger du fortsatt hjelp?<\/h6>\t\t\t\t<\/div>\n\t\t\t\t<\/div>\n\t\t\t\t<div class=\"elementor-element elementor-element-0b0e079 elementor-widget elementor-widget-heading\" data-id=\"0b0e079\" data-element_type=\"widget\" data-e-type=\"widget\" data-widget_type=\"heading.default\">\n\t\t\t\t<div class=\"elementor-widget-container\">\n\t\t\t\t\t<h2 class=\"elementor-heading-title elementor-size-default\">Ta kontakt<\/h2>\t\t\t\t<\/div>\n\t\t\t\t<\/div>\n\t\t\t\t<div class=\"elementor-element elementor-element-1361f24 elementor-widget elementor-widget-wpforms\" data-id=\"1361f24\" data-element_type=\"widget\" data-e-type=\"widget\" data-widget_type=\"wpforms.default\">\n\t\t\t\t<div class=\"elementor-widget-container\">\n\t\t\t\t\t<style id=\"wpforms-css-vars-elementor-widget-1361f24\">\n\t\t\t\t.elementor-widget-wpforms.elementor-element-1361f24 {\n\t\t\t\t--wpforms-button-background-color: #60B054;\n\t\t\t}\n\t\t\t<\/style><div class=\"wpforms-container wpforms-container-full wpforms-render-modern\" id=\"wpforms-8249\"><form id=\"wpforms-form-8249\" class=\"wpforms-validate wpforms-form wpforms-ajax-form\" data-formid=\"8249\" method=\"post\" enctype=\"multipart\/form-data\" action=\"\/en\/wp-json\/wp\/v2\/pages\/1132\" data-token=\"9fc15bcea62c0022bc2e9bde204aa2ed\" data-token-time=\"1776168604\"><noscript class=\"wpforms-error-noscript\">Please enable JavaScript in your browser to complete this form.<\/noscript><div id=\"wpforms-error-noscript\" style=\"display: none;\">Please enable JavaScript in your browser to complete this form.<\/div><div class=\"wpforms-field-container\">\t\t<div id=\"wpforms-8249-field_5-container\"\n\t\t\tclass=\"wpforms-field wpforms-field-text\"\n\t\t\tdata-field-type=\"text\"\n\t\t\tdata-field-id=\"5\"\n\t\t\t>\n\t\t\t<label class=\"wpforms-field-label\" for=\"wpforms-8249-field_5\" >Navn lurer Hva<\/label>\n\t\t\t<input type=\"text\" id=\"wpforms-8249-field_5\" class=\"wpforms-field-medium\" name=\"wpforms[fields][5]\" >\n\t\t<\/div>\n\t\t<div id=\"wpforms-8249-field_1-container\" class=\"wpforms-field wpforms-field-name\" data-field-id=\"1\"><label class=\"wpforms-field-label\" for=\"wpforms-8249-field_1\">Navn <span class=\"wpforms-required-label\" aria-hidden=\"true\">*<\/span><\/label><input type=\"text\" id=\"wpforms-8249-field_1\" class=\"wpforms-field-large wpforms-field-required\" name=\"wpforms[fields][1]\" aria-errormessage=\"wpforms-8249-field_1-error\" required><\/div><div id=\"wpforms-8249-field_2-container\" class=\"wpforms-field wpforms-field-email\" data-field-id=\"2\"><label class=\"wpforms-field-label\" for=\"wpforms-8249-field_2\">E-post <span class=\"wpforms-required-label\" aria-hidden=\"true\">*<\/span><\/label><input type=\"email\" id=\"wpforms-8249-field_2\" class=\"wpforms-field-large wpforms-field-required\" name=\"wpforms[fields][2]\" spellcheck=\"false\" aria-errormessage=\"wpforms-8249-field_2-error\" required><\/div><div id=\"wpforms-8249-field_4-container\" class=\"wpforms-field wpforms-field-phone\" data-field-id=\"4\"><label class=\"wpforms-field-label\" for=\"wpforms-8249-field_4\">Telefon <span class=\"wpforms-required-label\" aria-hidden=\"true\">*<\/span><\/label><input type=\"tel\" id=\"wpforms-8249-field_4\" class=\"wpforms-field-large wpforms-field-required\" data-rule-int-phone-field=\"true\" name=\"wpforms[fields][4]\" aria-label=\"Telefon\" aria-errormessage=\"wpforms-8249-field_4-error\" required><\/div><div id=\"wpforms-8249-field_3-container\" class=\"wpforms-field wpforms-field-textarea\" data-field-id=\"3\"><label class=\"wpforms-field-label\" for=\"wpforms-8249-field_3\">Hva lurer du p\u00e5?<\/label><textarea id=\"wpforms-8249-field_3\" class=\"wpforms-field-small\" name=\"wpforms[fields][3]\" aria-errormessage=\"wpforms-8249-field_3-error\" ><\/textarea><\/div><script>\n\t\t\t\t( function() {\n\t\t\t\t\tconst style = document.createElement( 'style' );\n\t\t\t\t\tstyle.appendChild( document.createTextNode( '#wpforms-8249-field_5-container { position: absolute !important; overflow: hidden !important; display: inline !important; height: 1px !important; width: 1px !important; z-index: -1000 !important; padding: 0 !important; } #wpforms-8249-field_5-container input { visibility: hidden; } #wpforms-conversational-form-page #wpforms-8249-field_5-container label { counter-increment: none; }' ) );\n\t\t\t\t\tdocument.head.appendChild( style );\n\t\t\t\t\tdocument.currentScript?.remove();\n\t\t\t\t} )();\n\t\t\t<\/script><\/div><!-- .wpforms-field-container --><div class=\"wpforms-recaptcha-container wpforms-is-recaptcha wpforms-is-recaptcha-type-v3\" ><input type=\"hidden\" name=\"wpforms[recaptcha]\" value=\"\"><\/div><div class=\"wpforms-submit-container\" ><input type=\"hidden\" name=\"wpforms[id]\" value=\"8249\"><input type=\"hidden\" name=\"page_title\" value=\"\"><input type=\"hidden\" name=\"page_url\" value=\"https:\/\/www.pellesreiser.no\/en\/wp-json\/wp\/v2\/pages\/1132\"><input type=\"hidden\" name=\"url_referer\" value=\"\"><button type=\"submit\" name=\"wpforms[submit]\" id=\"wpforms-submit-8249\" class=\"wpforms-submit\" data-alt-text=\"Sender...\" data-submit-text=\"Send\" aria-live=\"assertive\" value=\"wpforms-submit\">Send<\/button><img decoding=\"async\" src=\"https:\/\/www.pellesreiser.no\/wp-content\/plugins\/wpforms\/assets\/images\/submit-spin.svg\" class=\"wpforms-submit-spinner\" style=\"display: none;\" width=\"26\" height=\"26\" alt=\"Loading\"><\/div><\/form><\/div>  <!-- .wpforms-container -->\t\t\t\t<\/div>\n\t\t\t\t<\/div>\n\t\t\t\t\t<\/div>\n\t\t<\/div>\n\t\t\t\t\t<\/div>\n\t\t<\/section>\n\t\t\t\t<\/div>\n\t\t","protected":false},"excerpt":{"rendered":"<p>Ta kontakt med oss for mer informasjon eller en uforpliktende samtale. Telefon:\u00a0+47\u00a0975 26 609tur@pellesreiser.no Postadresse:Pelle\u2019s Service Partner asPostboks 1504126 J\u00f8rpeland Org.no:\u00a0936 934 706 Svar p\u00e5 ofte stilte sp\u00f8rsm\u00e5l Ofte stilte sp\u00f8rm\u00e5l Hva er pelle&#8217;s reiser? Pelle`s Reiser er\u00a0et nystartet turselskap som er lokalisert p\u00e5 J\u00f8rpeland i Ryfylke. Vi tilbyr bussturer- i og utenfor Ryfylke. Pelle`s [&hellip;]<\/p>\n","protected":false},"author":1,"featured_media":0,"parent":0,"menu_order":0,"comment_status":"closed","ping_status":"closed","template":"template-fullwidth-no-heading.php","meta":{"_acf_changed":false,"footnotes":""},"class_list":["post-1132","page","type-page","status-publish","hentry"],"acf":[],"yoast_head":"<!-- This site is optimized with the Yoast SEO plugin v27.2 - https:\/\/yoast.com\/product\/yoast-seo-wordpress\/ -->\n<title>Kontakt oss<\/title>\n<meta name=\"robots\" content=\"index, follow, max-snippet:-1, max-image-preview:large, max-video-preview:-1\" \/>\n<link rel=\"canonical\" href=\"https:\/\/www.pellesreiser.no\/en\/contact-us\/\" \/>\n<meta property=\"og:locale\" content=\"en_GB\" \/>\n<meta property=\"og:type\" content=\"article\" \/>\n<meta property=\"og:title\" content=\"Kontakt oss\" \/>\n<meta property=\"og:description\" content=\"Ta kontakt med oss for mer informasjon eller en uforpliktende samtale. Telefon:\u00a0+47\u00a0975 26 609tur@pellesreiser.no Postadresse:Pelle\u2019s Service Partner asPostboks 1504126 J\u00f8rpeland Org.no:\u00a0936 934 706 Svar p\u00e5 ofte stilte sp\u00f8rsm\u00e5l Ofte stilte sp\u00f8rm\u00e5l Hva er pelle&#8217;s reiser? Pelle`s Reiser er\u00a0et nystartet turselskap som er lokalisert p\u00e5 J\u00f8rpeland i Ryfylke. Vi tilbyr bussturer- i og utenfor Ryfylke. Pelle`s [&hellip;]\" \/>\n<meta property=\"og:url\" content=\"https:\/\/www.pellesreiser.no\/en\/contact-us\/\" \/>\n<meta property=\"og:site_name\" content=\"Pelle&#039;s Reiser\" \/>\n<meta property=\"article:modified_time\" content=\"2025-06-23T07:41:00+00:00\" \/>\n<meta property=\"og:image\" content=\"https:\/\/www.pellesreiser.no\/wp-content\/plugins\/wpforms\/assets\/images\/submit-spin.svg\" \/>\n<meta name=\"twitter:card\" content=\"summary_large_image\" \/>\n<meta name=\"twitter:label1\" content=\"Estimated reading time\" \/>\n\t<meta name=\"twitter:data1\" content=\"1 minute\" \/>\n<script type=\"application\/ld+json\" class=\"yoast-schema-graph\">{\"@context\":\"https:\/\/schema.org\",\"@graph\":[{\"@type\":\"WebPage\",\"@id\":\"https:\/\/www.pellesreiser.no\/kontakt-oss\/\",\"url\":\"https:\/\/www.pellesreiser.no\/kontakt-oss\/\",\"name\":\"Kontakt oss\",\"isPartOf\":{\"@id\":\"https:\/\/www.pellesreiser.no\/#website\"},\"primaryImageOfPage\":{\"@id\":\"https:\/\/www.pellesreiser.no\/kontakt-oss\/#primaryimage\"},\"image\":{\"@id\":\"https:\/\/www.pellesreiser.no\/kontakt-oss\/#primaryimage\"},\"thumbnailUrl\":\"https:\/\/www.pellesreiser.no\/wp-content\/plugins\/wpforms\/assets\/images\/submit-spin.svg\",\"datePublished\":\"2018-07-07T11:27:10+00:00\",\"dateModified\":\"2025-06-23T07:41:00+00:00\",\"breadcrumb\":{\"@id\":\"https:\/\/www.pellesreiser.no\/kontakt-oss\/#breadcrumb\"},\"inLanguage\":\"en-GB\",\"potentialAction\":[{\"@type\":\"ReadAction\",\"target\":[\"https:\/\/www.pellesreiser.no\/kontakt-oss\/\"]}]},{\"@type\":\"ImageObject\",\"inLanguage\":\"en-GB\",\"@id\":\"https:\/\/www.pellesreiser.no\/kontakt-oss\/#primaryimage\",\"url\":\"https:\/\/www.pellesreiser.no\/wp-content\/plugins\/wpforms\/assets\/images\/submit-spin.svg\",\"contentUrl\":\"https:\/\/www.pellesreiser.no\/wp-content\/plugins\/wpforms\/assets\/images\/submit-spin.svg\"},{\"@type\":\"BreadcrumbList\",\"@id\":\"https:\/\/www.pellesreiser.no\/kontakt-oss\/#breadcrumb\",\"itemListElement\":[{\"@type\":\"ListItem\",\"position\":1,\"name\":\"Home\",\"item\":\"https:\/\/www.pellesreiser.no\/\"},{\"@type\":\"ListItem\",\"position\":2,\"name\":\"Kontakt oss\"}]},{\"@type\":\"WebSite\",\"@id\":\"https:\/\/www.pellesreiser.no\/#website\",\"url\":\"https:\/\/www.pellesreiser.no\/\",\"name\":\"Pelle&#039;s Reiser\",\"description\":\"\",\"publisher\":{\"@id\":\"https:\/\/www.pellesreiser.no\/#organization\"},\"potentialAction\":[{\"@type\":\"SearchAction\",\"target\":{\"@type\":\"EntryPoint\",\"urlTemplate\":\"https:\/\/www.pellesreiser.no\/?s={search_term_string}\"},\"query-input\":{\"@type\":\"PropertyValueSpecification\",\"valueRequired\":true,\"valueName\":\"search_term_string\"}}],\"inLanguage\":\"en-GB\"},{\"@type\":\"Organization\",\"@id\":\"https:\/\/www.pellesreiser.no\/#organization\",\"name\":\"Pelle&#039;s Reiser\",\"url\":\"https:\/\/www.pellesreiser.no\/\",\"logo\":{\"@type\":\"ImageObject\",\"inLanguage\":\"en-GB\",\"@id\":\"https:\/\/www.pellesreiser.no\/#\/schema\/logo\/image\/\",\"url\":\"https:\/\/www.pellesreiser.no\/wp-content\/uploads\/2025\/05\/Pelles_reiser-logo-.svg\",\"contentUrl\":\"https:\/\/www.pellesreiser.no\/wp-content\/uploads\/2025\/05\/Pelles_reiser-logo-.svg\",\"caption\":\"Pelle&#039;s Reiser\"},\"image\":{\"@id\":\"https:\/\/www.pellesreiser.no\/#\/schema\/logo\/image\/\"}}]}<\/script>\n<!-- \/ Yoast SEO plugin. -->","yoast_head_json":{"title":"Contact us","robots":{"index":"index","follow":"follow","max-snippet":"max-snippet:-1","max-image-preview":"max-image-preview:large","max-video-preview":"max-video-preview:-1"},"canonical":"https:\/\/www.pellesreiser.no\/en\/contact-us\/","og_locale":"en_GB","og_type":"article","og_title":"Kontakt oss","og_description":"Ta kontakt med oss for mer informasjon eller en uforpliktende samtale. Telefon:\u00a0+47\u00a0975 26 609tur@pellesreiser.no Postadresse:Pelle\u2019s Service Partner asPostboks 1504126 J\u00f8rpeland Org.no:\u00a0936 934 706 Svar p\u00e5 ofte stilte sp\u00f8rsm\u00e5l Ofte stilte sp\u00f8rm\u00e5l Hva er pelle&#8217;s reiser? Pelle`s Reiser er\u00a0et nystartet turselskap som er lokalisert p\u00e5 J\u00f8rpeland i Ryfylke. Vi tilbyr bussturer- i og utenfor Ryfylke. Pelle`s [&hellip;]","og_url":"https:\/\/www.pellesreiser.no\/en\/contact-us\/","og_site_name":"Pelle&#039;s Reiser","article_modified_time":"2025-06-23T07:41:00+00:00","og_image":[{"url":"https:\/\/www.pellesreiser.no\/wp-content\/plugins\/wpforms\/assets\/images\/submit-spin.svg","type":"","width":"","height":""}],"twitter_card":"summary_large_image","twitter_misc":{"Estimated reading time":"1 minute"},"schema":{"@context":"https:\/\/schema.org","@graph":[{"@type":"WebPage","@id":"https:\/\/www.pellesreiser.no\/kontakt-oss\/","url":"https:\/\/www.pellesreiser.no\/kontakt-oss\/","name":"Contact us","isPartOf":{"@id":"https:\/\/www.pellesreiser.no\/#website"},"primaryImageOfPage":{"@id":"https:\/\/www.pellesreiser.no\/kontakt-oss\/#primaryimage"},"image":{"@id":"https:\/\/www.pellesreiser.no\/kontakt-oss\/#primaryimage"},"thumbnailUrl":"https:\/\/www.pellesreiser.no\/wp-content\/plugins\/wpforms\/assets\/images\/submit-spin.svg","datePublished":"2018-07-07T11:27:10+00:00","dateModified":"2025-06-23T07:41:00+00:00","breadcrumb":{"@id":"https:\/\/www.pellesreiser.no\/kontakt-oss\/#breadcrumb"},"inLanguage":"en-GB","potentialAction":[{"@type":"ReadAction","target":["https:\/\/www.pellesreiser.no\/kontakt-oss\/"]}]},{"@type":"ImageObject","inLanguage":"en-GB","@id":"https:\/\/www.pellesreiser.no\/kontakt-oss\/#primaryimage","url":"https:\/\/www.pellesreiser.no\/wp-content\/plugins\/wpforms\/assets\/images\/submit-spin.svg","contentUrl":"https:\/\/www.pellesreiser.no\/wp-content\/plugins\/wpforms\/assets\/images\/submit-spin.svg"},{"@type":"BreadcrumbList","@id":"https:\/\/www.pellesreiser.no\/kontakt-oss\/#breadcrumb","itemListElement":[{"@type":"ListItem","position":1,"name":"Home","item":"https:\/\/www.pellesreiser.no\/"},{"@type":"ListItem","position":2,"name":"Kontakt oss"}]},{"@type":"WebSite","@id":"https:\/\/www.pellesreiser.no\/#website","url":"https:\/\/www.pellesreiser.no\/","name":"Pelle's Reiser","description":"","publisher":{"@id":"https:\/\/www.pellesreiser.no\/#organization"},"potentialAction":[{"@type":"SearchAction","target":{"@type":"EntryPoint","urlTemplate":"https:\/\/www.pellesreiser.no\/?s={search_term_string}"},"query-input":{"@type":"PropertyValueSpecification","valueRequired":true,"valueName":"search_term_string"}}],"inLanguage":"en-GB"},{"@type":"Organization","@id":"https:\/\/www.pellesreiser.no\/#organization","name":"Pelle's Reiser","url":"https:\/\/www.pellesreiser.no\/","logo":{"@type":"ImageObject","inLanguage":"en-GB","@id":"https:\/\/www.pellesreiser.no\/#\/schema\/logo\/image\/","url":"https:\/\/www.pellesreiser.no\/wp-content\/uploads\/2025\/05\/Pelles_reiser-logo-.svg","contentUrl":"https:\/\/www.pellesreiser.no\/wp-content\/uploads\/2025\/05\/Pelles_reiser-logo-.svg","caption":"Pelle&#039;s Reiser"},"image":{"@id":"https:\/\/www.pellesreiser.no\/#\/schema\/logo\/image\/"}}]}},"_links":{"self":[{"href":"https:\/\/www.pellesreiser.no\/en\/wp-json\/wp\/v2\/pages\/1132","targetHints":{"allow":["GET"]}}],"collection":[{"href":"https:\/\/www.pellesreiser.no\/en\/wp-json\/wp\/v2\/pages"}],"about":[{"href":"https:\/\/www.pellesreiser.no\/en\/wp-json\/wp\/v2\/types\/page"}],"author":[{"embeddable":true,"href":"https:\/\/www.pellesreiser.no\/en\/wp-json\/wp\/v2\/users\/1"}],"replies":[{"embeddable":true,"href":"https:\/\/www.pellesreiser.no\/en\/wp-json\/wp\/v2\/comments?post=1132"}],"version-history":[{"count":25,"href":"https:\/\/www.pellesreiser.no\/en\/wp-json\/wp\/v2\/pages\/1132\/revisions"}],"predecessor-version":[{"id":8689,"href":"https:\/\/www.pellesreiser.no\/en\/wp-json\/wp\/v2\/pages\/1132\/revisions\/8689"}],"wp:attachment":[{"href":"https:\/\/www.pellesreiser.no\/en\/wp-json\/wp\/v2\/media?parent=1132"}],"curies":[{"name":"wp","href":"https:\/\/api.w.org\/{rel}","templated":true}]}}