{"id":8032,"date":"2025-03-28T12:36:55","date_gmt":"2025-03-28T11:36:55","guid":{"rendered":"https:\/\/www-pellesreiser.wp1.hcweb.dev\/?page_id=8032"},"modified":"2025-06-18T08:21:47","modified_gmt":"2025-06-18T06:21:47","slug":"travelling-conditions","status":"publish","type":"page","link":"https:\/\/www.pellesreiser.no\/en\/reisevilkar\/","title":{"rendered":"Travelling conditions"},"content":{"rendered":"<div data-elementor-type=\"wp-page\" data-elementor-id=\"8032\" class=\"elementor elementor-8032\" data-elementor-post-type=\"page\">\n\t\t\t\t<div class=\"elementor-element elementor-element-1bce577 e-flex e-con-boxed e-con e-parent\" data-id=\"1bce577\" data-element_type=\"container\" data-e-type=\"container\">\n\t\t\t\t\t<div class=\"e-con-inner\">\n\t\t\t\t<div class=\"elementor-element elementor-element-6eeacef elementor-widget elementor-widget-heading\" data-id=\"6eeacef\" data-element_type=\"widget\" data-e-type=\"widget\" data-widget_type=\"heading.default\">\n\t\t\t\t<div class=\"elementor-widget-container\">\n\t\t\t\t\t<h2 class=\"elementor-heading-title elementor-size-default\">Travelling conditions<\/h2>\t\t\t\t<\/div>\n\t\t\t\t<\/div>\n\t\t\t\t<div class=\"elementor-element elementor-element-82e129c elementor-widget elementor-widget-text-editor\" data-id=\"82e129c\" data-element_type=\"widget\" data-e-type=\"widget\" data-widget_type=\"text-editor.default\">\n\t\t\t\t<div class=\"elementor-widget-container\">\n\t\t\t\t\t\t\t\t\t<p>Travel terms and conditions for Pelle`s Reiser<\/p><h2>General travel conditions<\/h2><p>Pelle`s Reiser will make the traveller aware of the rights and obligations that apply between Pelle`s Reiser and the traveller. This is done through these terms and conditions, which the traveller must read carefully. Pelle's Travels draws particular attention to the fact that animals are not permitted (with the exception of guide dogs). The traveller must take care of any relevant conditions, such as desired insurance etc.<\/p><p>Pelle`s Reiser reserves the right to make price changes and printing errors in text, images and links on our website. We reserve the right to make changes that may occur after catalogues and brochures have been printed, such as changes in prices and conditions, changes in the itinerary that may occur due to unforeseen events, and incorrect information that may be due to printing errors. Changes as a result of the aforementioned will be announced through attachments\/special print and\/or other suitable communication channels.<\/p><p>Complaints about any deficiencies in connection with the trip must be made immediately to Pelle's Traveller's representative on site. Otherwise, the customer loses the right to invoke the defect. Otherwise, complaints must be made no later than 1 month after returning home, unless special reasons make it reasonable to extend the complaint deadline. Comments on any questionnaires submitted will not be registered or regarded as a written complaint.<\/p><p>PRIVATE TRAVEL-SINGLE TRAVELLER-APPLIES TO SIGHTSEEING, PREIKESTOLBUS, MOUNTAIN BUS, DAY TRIPS AND DAY EVENTS. GENERAL.<\/p><p>Single travellers are defined as journeys where the traveller can participate as an individual without being part of a predefined group.<br \/><br \/><span class=\"TextRun SCXW182303832 BCX0\" lang=\"NB-NO\" xml:lang=\"NB-NO\" data-contrast=\"auto\"><span class=\"NormalTextRun SCXW182303832 BCX0\">Children are from 0-12 years. Adults from 13 years<\/span><span class=\"NormalTextRun SCXW182303832 BCX0\">.<\/span><\/span><span class=\"EOP SCXW182303832 BCX0\" data-ccp-props=\"{}\">\u00a0<\/span><\/p><h2>Cancellation of single travellers<\/h2><p>According to our terms and conditions, there are no refunds on tickets for single travellers. The booking is binding after you have confirmed the trip. We recommend that you have travel insurance with cancellation insurance, and that you contact your insurance company if you need to cancel due to illness. It is then the insurance company that makes the actual refund in cases where this applies.<\/p><p>On trips where you can choose to pay on board the bus, the booker\/traveller will be invoiced if they do not show up. The invoice amount is set to the value of the booking + invoice fee.<\/p><h2>Changes in price<\/h2><p>Pelle's Travels reserves the right to make price changes that may occur due to new or increasing taxes and duties, changed exchange rates, or similar circumstances that Pelle's Travels does not have access to or should have foreseen.<\/p><h2>Terms and conditions for deposits<\/h2><p>Some subcontractors require a deposit in advance. If Pelle's Travels is not reimbursed for its expenses in the event of cancellation by the customer, the customer is obliged to cover the costs in full.<\/p><h2>The traveller's obligations<\/h2><p>The traveller shall pay the agreed remuneration no later than the time stipulated in Pelle's Traveller's terms and conditions. The traveller must not act in such a way that it is a nuisance to fellow travellers. Anyone who signs someone up for a trip must take responsibility for the traveller being able to manage on their own. Our tour guides do not have the capacity to provide special assistance to travellers who cannot manage on their own. In principle, travellers must be self-reliant or bring their own companion. If the traveller grossly disregards his\/her duties, he\/she may be refused to participate or be excluded from the rest of the trip, without him\/her being able to claim a refund from Pelle`s Reiser. In the event of exclusion after the trip has begun, the traveller may be required to bear the costs of the return journey. The traveller may be held liable for damages if he\/she intentionally or negligently inflicts losses on Pelle`s Reiser, among other things by not complying with the provisions mentioned above. The traveller must provide the necessary papers for the trip.<\/p><p>Pelles Reiser cannot guarantee a seat on the bus if a ticket has not been purchased. For the sake of fellow travellers and safety on board, it is <strong>No animals or bicycles allowed<\/strong> on the journey.<\/p><p><strong>Exceptions:<\/strong> Guide dogs assisting visually impaired persons are permitted, provided that valid documentation can be presented upon request.<\/p><h2>Cancellation of travel<\/h2><p>Pelle's Traveller's right to cancel the trip applies if:<\/p><ol><li>If a sufficient number of participants do not sign up<\/li><li>Circumstances beyond the traveller's control and which could not have been foreseen when the booking was made, such as war, natural disasters (force majeure), which make it difficult or inadvisable to complete the trip. Pelle`s Reiser shall notify the traveller of the cancellation as soon as possible. When a trip is cancelled, the traveller is entitled to a full refund of the price of the trip. Beyond this, the traveller cannot make a claim, unless he has suffered a loss due to Pelle's Travel's error or negligence.<\/li><\/ol><h2>Group and corporate travel<\/h2><p>Group travel refers to travel where the participants are part of a predefined group. The group must have appointed a responsible person who, on behalf of the group, serves as a contact person versus Pelle's Travels.<\/p><p>The booking is binding for Pelle`s Reiser and the customer when we receive the signed contract.<\/p><h2>Food and drink<\/h2><p>All our events must be organised in accordance with the provisions of the Alcohol Act. This means, among other things, that it is not permitted to enjoy beverages brought to the event, which the customer is obliged to make their guests aware of.<\/p><h2>Liability when travelling by sea<\/h2><p>Pelle's Travels refers to the Maritime Act, which, among other things, authorises our right in specified cases to disclaim liability for loss of luggage, life, injury to persons, objects or loss due to breakdown or interruption of operations.<\/p>\t\t\t\t\t\t\t\t<\/div>\n\t\t\t\t<\/div>\n\t\t\t\t\t<\/div>\n\t\t\t\t<\/div>\n\t\t\t\t<\/div>","protected":false},"excerpt":{"rendered":"<p>Reisevilk\u00e5r Reisevilk\u00e5r og betingelser for Pelle`s Reiser Generelle reisevilk\u00e5r Pelle`s Reiser vil gj\u00f8re den reisende oppmerksom p\u00e5 hvilke rettigheter og plikter som gjelder mellom Pelle`s Reiser og den reisende. Dette gj\u00f8res ved disse vilk\u00e5r som den reisende m\u00e5 sette seg n\u00f8ye inn i. Pelle`s Reiser gj\u00f8r spesielt oppmerksom p\u00e5 at det ikke er tillatt med [&hellip;]<\/p>\n","protected":false},"author":1,"featured_media":0,"parent":0,"menu_order":0,"comment_status":"closed","ping_status":"closed","template":"","meta":{"_acf_changed":false,"footnotes":""},"class_list":["post-8032","page","type-page","status-publish","hentry"],"acf":[],"yoast_head":"<!-- This site is optimized with the Yoast SEO plugin v27.2 - https:\/\/yoast.com\/product\/yoast-seo-wordpress\/ -->\n<title>Reisevilk\u00e5r - Pelle&#039;s Reiser<\/title>\n<meta name=\"robots\" content=\"index, follow, max-snippet:-1, max-image-preview:large, max-video-preview:-1\" \/>\n<link rel=\"canonical\" href=\"https:\/\/www.pellesreiser.no\/en\/travelling-conditions\/\" \/>\n<meta property=\"og:locale\" content=\"en_GB\" \/>\n<meta property=\"og:type\" content=\"article\" \/>\n<meta property=\"og:title\" content=\"Reisevilk\u00e5r - Pelle&#039;s Reiser\" \/>\n<meta property=\"og:description\" content=\"Reisevilk\u00e5r Reisevilk\u00e5r og betingelser for Pelle`s Reiser Generelle reisevilk\u00e5r Pelle`s Reiser vil gj\u00f8re den reisende oppmerksom p\u00e5 hvilke rettigheter og plikter som gjelder mellom Pelle`s Reiser og den reisende. Dette gj\u00f8res ved disse vilk\u00e5r som den reisende m\u00e5 sette seg n\u00f8ye inn i. Pelle`s Reiser gj\u00f8r spesielt oppmerksom p\u00e5 at det ikke er tillatt med [&hellip;]\" \/>\n<meta property=\"og:url\" content=\"https:\/\/www.pellesreiser.no\/en\/travelling-conditions\/\" \/>\n<meta property=\"og:site_name\" content=\"Pelle&#039;s Reiser\" \/>\n<meta property=\"article:modified_time\" content=\"2025-06-18T06:21:47+00:00\" \/>\n<meta name=\"twitter:card\" content=\"summary_large_image\" \/>\n<meta name=\"twitter:label1\" content=\"Estimated reading time\" \/>\n\t<meta name=\"twitter:data1\" content=\"4 minutes\" \/>\n<script type=\"application\/ld+json\" class=\"yoast-schema-graph\">{\"@context\":\"https:\/\/schema.org\",\"@graph\":[{\"@type\":\"WebPage\",\"@id\":\"https:\/\/www.pellesreiser.no\/reisevilkar\/\",\"url\":\"https:\/\/www.pellesreiser.no\/reisevilkar\/\",\"name\":\"Reisevilk\u00e5r - Pelle&#039;s Reiser\",\"isPartOf\":{\"@id\":\"https:\/\/www.pellesreiser.no\/#website\"},\"datePublished\":\"2025-03-28T11:36:55+00:00\",\"dateModified\":\"2025-06-18T06:21:47+00:00\",\"breadcrumb\":{\"@id\":\"https:\/\/www.pellesreiser.no\/reisevilkar\/#breadcrumb\"},\"inLanguage\":\"en-GB\",\"potentialAction\":[{\"@type\":\"ReadAction\",\"target\":[\"https:\/\/www.pellesreiser.no\/reisevilkar\/\"]}]},{\"@type\":\"BreadcrumbList\",\"@id\":\"https:\/\/www.pellesreiser.no\/reisevilkar\/#breadcrumb\",\"itemListElement\":[{\"@type\":\"ListItem\",\"position\":1,\"name\":\"Home\",\"item\":\"https:\/\/www.pellesreiser.no\/\"},{\"@type\":\"ListItem\",\"position\":2,\"name\":\"Reisevilk\u00e5r\"}]},{\"@type\":\"WebSite\",\"@id\":\"https:\/\/www.pellesreiser.no\/#website\",\"url\":\"https:\/\/www.pellesreiser.no\/\",\"name\":\"Pelle&#039;s Reiser\",\"description\":\"\",\"publisher\":{\"@id\":\"https:\/\/www.pellesreiser.no\/#organization\"},\"potentialAction\":[{\"@type\":\"SearchAction\",\"target\":{\"@type\":\"EntryPoint\",\"urlTemplate\":\"https:\/\/www.pellesreiser.no\/?s={search_term_string}\"},\"query-input\":{\"@type\":\"PropertyValueSpecification\",\"valueRequired\":true,\"valueName\":\"search_term_string\"}}],\"inLanguage\":\"en-GB\"},{\"@type\":\"Organization\",\"@id\":\"https:\/\/www.pellesreiser.no\/#organization\",\"name\":\"Pelle&#039;s Reiser\",\"url\":\"https:\/\/www.pellesreiser.no\/\",\"logo\":{\"@type\":\"ImageObject\",\"inLanguage\":\"en-GB\",\"@id\":\"https:\/\/www.pellesreiser.no\/#\/schema\/logo\/image\/\",\"url\":\"https:\/\/www.pellesreiser.no\/wp-content\/uploads\/2025\/05\/Pelles_reiser-logo-.svg\",\"contentUrl\":\"https:\/\/www.pellesreiser.no\/wp-content\/uploads\/2025\/05\/Pelles_reiser-logo-.svg\",\"caption\":\"Pelle&#039;s Reiser\"},\"image\":{\"@id\":\"https:\/\/www.pellesreiser.no\/#\/schema\/logo\/image\/\"}}]}<\/script>\n<!-- \/ Yoast SEO plugin. -->","yoast_head_json":{"title":"Travelling conditions - Pelle's Reiser","robots":{"index":"index","follow":"follow","max-snippet":"max-snippet:-1","max-image-preview":"max-image-preview:large","max-video-preview":"max-video-preview:-1"},"canonical":"https:\/\/www.pellesreiser.no\/en\/travelling-conditions\/","og_locale":"en_GB","og_type":"article","og_title":"Reisevilk\u00e5r - Pelle&#039;s Reiser","og_description":"Reisevilk\u00e5r Reisevilk\u00e5r og betingelser for Pelle`s Reiser Generelle reisevilk\u00e5r Pelle`s Reiser vil gj\u00f8re den reisende oppmerksom p\u00e5 hvilke rettigheter og plikter som gjelder mellom Pelle`s Reiser og den reisende. Dette gj\u00f8res ved disse vilk\u00e5r som den reisende m\u00e5 sette seg n\u00f8ye inn i. Pelle`s Reiser gj\u00f8r spesielt oppmerksom p\u00e5 at det ikke er tillatt med [&hellip;]","og_url":"https:\/\/www.pellesreiser.no\/en\/travelling-conditions\/","og_site_name":"Pelle&#039;s Reiser","article_modified_time":"2025-06-18T06:21:47+00:00","twitter_card":"summary_large_image","twitter_misc":{"Estimated reading time":"4 minutes"},"schema":{"@context":"https:\/\/schema.org","@graph":[{"@type":"WebPage","@id":"https:\/\/www.pellesreiser.no\/reisevilkar\/","url":"https:\/\/www.pellesreiser.no\/reisevilkar\/","name":"Travelling conditions - Pelle's Reiser","isPartOf":{"@id":"https:\/\/www.pellesreiser.no\/#website"},"datePublished":"2025-03-28T11:36:55+00:00","dateModified":"2025-06-18T06:21:47+00:00","breadcrumb":{"@id":"https:\/\/www.pellesreiser.no\/reisevilkar\/#breadcrumb"},"inLanguage":"en-GB","potentialAction":[{"@type":"ReadAction","target":["https:\/\/www.pellesreiser.no\/reisevilkar\/"]}]},{"@type":"BreadcrumbList","@id":"https:\/\/www.pellesreiser.no\/reisevilkar\/#breadcrumb","itemListElement":[{"@type":"ListItem","position":1,"name":"Home","item":"https:\/\/www.pellesreiser.no\/"},{"@type":"ListItem","position":2,"name":"Reisevilk\u00e5r"}]},{"@type":"WebSite","@id":"https:\/\/www.pellesreiser.no\/#website","url":"https:\/\/www.pellesreiser.no\/","name":"Pelle's Reiser","description":"","publisher":{"@id":"https:\/\/www.pellesreiser.no\/#organization"},"potentialAction":[{"@type":"SearchAction","target":{"@type":"EntryPoint","urlTemplate":"https:\/\/www.pellesreiser.no\/?s={search_term_string}"},"query-input":{"@type":"PropertyValueSpecification","valueRequired":true,"valueName":"search_term_string"}}],"inLanguage":"en-GB"},{"@type":"Organization","@id":"https:\/\/www.pellesreiser.no\/#organization","name":"Pelle's Reiser","url":"https:\/\/www.pellesreiser.no\/","logo":{"@type":"ImageObject","inLanguage":"en-GB","@id":"https:\/\/www.pellesreiser.no\/#\/schema\/logo\/image\/","url":"https:\/\/www.pellesreiser.no\/wp-content\/uploads\/2025\/05\/Pelles_reiser-logo-.svg","contentUrl":"https:\/\/www.pellesreiser.no\/wp-content\/uploads\/2025\/05\/Pelles_reiser-logo-.svg","caption":"Pelle&#039;s Reiser"},"image":{"@id":"https:\/\/www.pellesreiser.no\/#\/schema\/logo\/image\/"}}]}},"_links":{"self":[{"href":"https:\/\/www.pellesreiser.no\/en\/wp-json\/wp\/v2\/pages\/8032","targetHints":{"allow":["GET"]}}],"collection":[{"href":"https:\/\/www.pellesreiser.no\/en\/wp-json\/wp\/v2\/pages"}],"about":[{"href":"https:\/\/www.pellesreiser.no\/en\/wp-json\/wp\/v2\/types\/page"}],"author":[{"embeddable":true,"href":"https:\/\/www.pellesreiser.no\/en\/wp-json\/wp\/v2\/users\/1"}],"replies":[{"embeddable":true,"href":"https:\/\/www.pellesreiser.no\/en\/wp-json\/wp\/v2\/comments?post=8032"}],"version-history":[{"count":16,"href":"https:\/\/www.pellesreiser.no\/en\/wp-json\/wp\/v2\/pages\/8032\/revisions"}],"predecessor-version":[{"id":8501,"href":"https:\/\/www.pellesreiser.no\/en\/wp-json\/wp\/v2\/pages\/8032\/revisions\/8501"}],"wp:attachment":[{"href":"https:\/\/www.pellesreiser.no\/en\/wp-json\/wp\/v2\/media?parent=8032"}],"curies":[{"name":"wp","href":"https:\/\/api.w.org\/{rel}","templated":true}]}}