{"id":8037,"date":"2025-03-28T12:38:09","date_gmt":"2025-03-28T11:38:09","guid":{"rendered":"https:\/\/www-pellesreiser.wp1.hcweb.dev\/?page_id=8037"},"modified":"2025-03-28T12:43:48","modified_gmt":"2025-03-28T11:43:48","slug":"about-pelles-travels","status":"publish","type":"page","link":"https:\/\/www.pellesreiser.no\/en\/om-pelles-reiser\/","title":{"rendered":"About Pelles Reiser"},"content":{"rendered":"<div data-elementor-type=\"wp-page\" data-elementor-id=\"8037\" class=\"elementor elementor-8037\" data-elementor-post-type=\"page\">\n\t\t\t\t<div class=\"elementor-element elementor-element-a73b130 e-flex e-con-boxed e-con e-parent\" data-id=\"a73b130\" data-element_type=\"container\" data-e-type=\"container\">\n\t\t\t\t\t<div class=\"e-con-inner\">\n\t\t<div class=\"elementor-element elementor-element-5a4495e e-con-full e-flex e-con e-child\" data-id=\"5a4495e\" data-element_type=\"container\" data-e-type=\"container\">\n\t\t\t\t<div class=\"elementor-element elementor-element-43c7044 elementor-widget elementor-widget-heading\" data-id=\"43c7044\" data-element_type=\"widget\" data-e-type=\"widget\" data-widget_type=\"heading.default\">\n\t\t\t\t<div class=\"elementor-widget-container\">\n\t\t\t\t\t<h2 class=\"elementor-heading-title elementor-size-default\">About Pelles Reiser<\/h2>\t\t\t\t<\/div>\n\t\t\t\t<\/div>\n\t\t\t\t<div class=\"elementor-element elementor-element-11893b4 elementor-widget elementor-widget-text-editor\" data-id=\"11893b4\" data-element_type=\"widget\" data-e-type=\"widget\" data-widget_type=\"text-editor.default\">\n\t\t\t\t<div class=\"elementor-widget-container\">\n\t\t\t\t\t\t\t\t\t<p>Pelle`s Reiser is a newly started tour company located at J\u00f8rpeland in Ryfylke. We offer bus tours - in and outside Ryfylke.<\/p>\n<p>Pelle`s Reiser is part of Pelle`s Service Partner AS.<\/p>\n<p>We want to give you as a customer the best hiking experiences. During the summer season, we run the Preikestolen bus between Preikestolen Camping - J\u00f8rpeland - Forsand - Oanes - Preikestolen Parking. From mid-December to early April, we run the Mountain Bus to Sirdal ski resort on Saturdays and Sundays.<\/p>\n<p>If your sports team, corps, kindergarten, choir, school, association, private individuals, local driving, contact us for a non-binding conversation, offer.<\/p>\n<p>We offer good service, comfortable coaches and competitive prices.<\/p>\n<p><a href=\"https:\/\/www.pellesreiser.no\/en\/contact-us\/\">Contact us<\/a>\u00a0on\u00a0<a href=\"mailto:tur@pellesreiser.no\">tur@pellesreiser.no\u00a0<\/a>or phone +47 975 26 609.<\/p>\t\t\t\t\t\t\t\t<\/div>\n\t\t\t\t<\/div>\n\t\t\t\t<\/div>\n\t\t<div class=\"elementor-element elementor-element-f023601 e-con-full e-flex e-con e-child\" data-id=\"f023601\" data-element_type=\"container\" data-e-type=\"container\">\n\t\t\t\t<div class=\"elementor-element elementor-element-87eb8ee elementor-widget elementor-widget-image\" data-id=\"87eb8ee\" data-element_type=\"widget\" data-e-type=\"widget\" data-widget_type=\"image.default\">\n\t\t\t\t<div class=\"elementor-widget-container\">\n\t\t\t\t\t\t\t\t\t\t\t\t\t\t\t<img fetchpriority=\"high\" decoding=\"async\" width=\"1024\" height=\"585\" src=\"https:\/\/www.pellesreiser.no\/wp-content\/uploads\/2025\/03\/bussene-1400x800-1-1024x585.jpg\" class=\"attachment-large size-large wp-image-8039\" alt=\"Preikestolen bus\" srcset=\"https:\/\/www.pellesreiser.no\/wp-content\/uploads\/2025\/03\/bussene-1400x800-1-1024x585.jpg 1024w, https:\/\/www.pellesreiser.no\/wp-content\/uploads\/2025\/03\/bussene-1400x800-1-150x86.jpg 150w, https:\/\/www.pellesreiser.no\/wp-content\/uploads\/2025\/03\/bussene-1400x800-1-800x457.jpg 800w, https:\/\/www.pellesreiser.no\/wp-content\/uploads\/2025\/03\/bussene-1400x800-1-300x171.jpg 300w, https:\/\/www.pellesreiser.no\/wp-content\/uploads\/2025\/03\/bussene-1400x800-1-768x439.jpg 768w, https:\/\/www.pellesreiser.no\/wp-content\/uploads\/2025\/03\/bussene-1400x800-1-990x566.jpg 990w, https:\/\/www.pellesreiser.no\/wp-content\/uploads\/2025\/03\/bussene-1400x800-1-441x252.jpg 441w, https:\/\/www.pellesreiser.no\/wp-content\/uploads\/2025\/03\/bussene-1400x800-1.jpg 1400w\" sizes=\"(max-width: 360px) 147px, (max-width: 1024px) 100vw, 1024px\" \/>\t\t\t\t\t\t\t\t\t\t\t\t\t\t\t<\/div>\n\t\t\t\t<\/div>\n\t\t\t\t<\/div>\n\t\t\t\t\t<\/div>\n\t\t\t\t<\/div>\n\t\t\t\t<\/div>","protected":false},"excerpt":{"rendered":"<p>Om Pelles Reiser Pelle`s Reiser er et nystartet turselskap som er lokalisert p\u00e5 J\u00f8rpeland i Ryfylke. Vi tilbyr bussturer- i og utenfor Ryfylke. Pelle`s Reiser er en del av Pelle`s Service Partner AS. Vi \u00f8nsker \u00e5 gi deg som kunde de beste turopplevelsene. I sommersesongen kj\u00f8rer vi Preikestolbussen i rute mellom Preikestolen Camping \u2013 J\u00f8rpeland [&hellip;]<\/p>\n","protected":false},"author":1,"featured_media":0,"parent":0,"menu_order":0,"comment_status":"closed","ping_status":"closed","template":"","meta":{"_acf_changed":false,"footnotes":""},"class_list":["post-8037","page","type-page","status-publish","hentry"],"acf":[],"yoast_head":"<!-- This site is optimized with the Yoast SEO plugin v27.2 - https:\/\/yoast.com\/product\/yoast-seo-wordpress\/ -->\n<title>Om Pelles Reiser - Pelle&#039;s Reiser<\/title>\n<meta name=\"robots\" content=\"index, follow, max-snippet:-1, max-image-preview:large, max-video-preview:-1\" \/>\n<link rel=\"canonical\" href=\"https:\/\/www.pellesreiser.no\/en\/about-pelles-travels\/\" \/>\n<meta property=\"og:locale\" content=\"en_GB\" \/>\n<meta property=\"og:type\" content=\"article\" \/>\n<meta property=\"og:title\" content=\"Om Pelles Reiser - Pelle&#039;s Reiser\" \/>\n<meta property=\"og:description\" content=\"Om Pelles Reiser Pelle`s Reiser er et nystartet turselskap som er lokalisert p\u00e5 J\u00f8rpeland i Ryfylke. Vi tilbyr bussturer- i og utenfor Ryfylke. Pelle`s Reiser er en del av Pelle`s Service Partner AS. Vi \u00f8nsker \u00e5 gi deg som kunde de beste turopplevelsene. I sommersesongen kj\u00f8rer vi Preikestolbussen i rute mellom Preikestolen Camping \u2013 J\u00f8rpeland [&hellip;]\" \/>\n<meta property=\"og:url\" content=\"https:\/\/www.pellesreiser.no\/en\/about-pelles-travels\/\" \/>\n<meta property=\"og:site_name\" content=\"Pelle&#039;s Reiser\" \/>\n<meta property=\"article:modified_time\" content=\"2025-03-28T11:43:48+00:00\" \/>\n<meta property=\"og:image\" content=\"https:\/\/www.pellesreiser.no\/wp-content\/uploads\/2025\/03\/bussene-1400x800-1.jpg\" \/>\n\t<meta property=\"og:image:width\" content=\"1400\" \/>\n\t<meta property=\"og:image:height\" content=\"800\" \/>\n\t<meta property=\"og:image:type\" content=\"image\/jpeg\" \/>\n<meta name=\"twitter:card\" content=\"summary_large_image\" \/>\n<meta name=\"twitter:label1\" content=\"Estimated reading time\" \/>\n\t<meta name=\"twitter:data1\" content=\"1 minute\" \/>\n<script type=\"application\/ld+json\" class=\"yoast-schema-graph\">{\"@context\":\"https:\/\/schema.org\",\"@graph\":[{\"@type\":\"WebPage\",\"@id\":\"https:\/\/www.pellesreiser.no\/om-pelles-reiser\/\",\"url\":\"https:\/\/www.pellesreiser.no\/om-pelles-reiser\/\",\"name\":\"Om Pelles Reiser - Pelle&#039;s Reiser\",\"isPartOf\":{\"@id\":\"https:\/\/www.pellesreiser.no\/#website\"},\"primaryImageOfPage\":{\"@id\":\"https:\/\/www.pellesreiser.no\/om-pelles-reiser\/#primaryimage\"},\"image\":{\"@id\":\"https:\/\/www.pellesreiser.no\/om-pelles-reiser\/#primaryimage\"},\"thumbnailUrl\":\"https:\/\/www.pellesreiser.no\/wp-content\/uploads\/2025\/03\/bussene-1400x800-1-1024x585.jpg\",\"datePublished\":\"2025-03-28T11:38:09+00:00\",\"dateModified\":\"2025-03-28T11:43:48+00:00\",\"breadcrumb\":{\"@id\":\"https:\/\/www.pellesreiser.no\/om-pelles-reiser\/#breadcrumb\"},\"inLanguage\":\"en-GB\",\"potentialAction\":[{\"@type\":\"ReadAction\",\"target\":[\"https:\/\/www.pellesreiser.no\/om-pelles-reiser\/\"]}]},{\"@type\":\"ImageObject\",\"inLanguage\":\"en-GB\",\"@id\":\"https:\/\/www.pellesreiser.no\/om-pelles-reiser\/#primaryimage\",\"url\":\"https:\/\/www.pellesreiser.no\/wp-content\/uploads\/2025\/03\/bussene-1400x800-1-1024x585.jpg\",\"contentUrl\":\"https:\/\/www.pellesreiser.no\/wp-content\/uploads\/2025\/03\/bussene-1400x800-1-1024x585.jpg\"},{\"@type\":\"BreadcrumbList\",\"@id\":\"https:\/\/www.pellesreiser.no\/om-pelles-reiser\/#breadcrumb\",\"itemListElement\":[{\"@type\":\"ListItem\",\"position\":1,\"name\":\"Home\",\"item\":\"https:\/\/www.pellesreiser.no\/\"},{\"@type\":\"ListItem\",\"position\":2,\"name\":\"Om Pelles Reiser\"}]},{\"@type\":\"WebSite\",\"@id\":\"https:\/\/www.pellesreiser.no\/#website\",\"url\":\"https:\/\/www.pellesreiser.no\/\",\"name\":\"Pelle&#039;s Reiser\",\"description\":\"\",\"publisher\":{\"@id\":\"https:\/\/www.pellesreiser.no\/#organization\"},\"potentialAction\":[{\"@type\":\"SearchAction\",\"target\":{\"@type\":\"EntryPoint\",\"urlTemplate\":\"https:\/\/www.pellesreiser.no\/?s={search_term_string}\"},\"query-input\":{\"@type\":\"PropertyValueSpecification\",\"valueRequired\":true,\"valueName\":\"search_term_string\"}}],\"inLanguage\":\"en-GB\"},{\"@type\":\"Organization\",\"@id\":\"https:\/\/www.pellesreiser.no\/#organization\",\"name\":\"Pelle&#039;s Reiser\",\"url\":\"https:\/\/www.pellesreiser.no\/\",\"logo\":{\"@type\":\"ImageObject\",\"inLanguage\":\"en-GB\",\"@id\":\"https:\/\/www.pellesreiser.no\/#\/schema\/logo\/image\/\",\"url\":\"https:\/\/www.pellesreiser.no\/wp-content\/uploads\/2025\/05\/Pelles_reiser-logo-.svg\",\"contentUrl\":\"https:\/\/www.pellesreiser.no\/wp-content\/uploads\/2025\/05\/Pelles_reiser-logo-.svg\",\"caption\":\"Pelle&#039;s Reiser\"},\"image\":{\"@id\":\"https:\/\/www.pellesreiser.no\/#\/schema\/logo\/image\/\"}}]}<\/script>\n<!-- \/ Yoast SEO plugin. -->","yoast_head_json":{"title":"About Pelle's Reiser - Pelle's Reiser","robots":{"index":"index","follow":"follow","max-snippet":"max-snippet:-1","max-image-preview":"max-image-preview:large","max-video-preview":"max-video-preview:-1"},"canonical":"https:\/\/www.pellesreiser.no\/en\/about-pelles-travels\/","og_locale":"en_GB","og_type":"article","og_title":"Om Pelles Reiser - Pelle&#039;s Reiser","og_description":"Om Pelles Reiser Pelle`s Reiser er et nystartet turselskap som er lokalisert p\u00e5 J\u00f8rpeland i Ryfylke. Vi tilbyr bussturer- i og utenfor Ryfylke. Pelle`s Reiser er en del av Pelle`s Service Partner AS. Vi \u00f8nsker \u00e5 gi deg som kunde de beste turopplevelsene. I sommersesongen kj\u00f8rer vi Preikestolbussen i rute mellom Preikestolen Camping \u2013 J\u00f8rpeland [&hellip;]","og_url":"https:\/\/www.pellesreiser.no\/en\/about-pelles-travels\/","og_site_name":"Pelle&#039;s Reiser","article_modified_time":"2025-03-28T11:43:48+00:00","og_image":[{"width":1400,"height":800,"url":"https:\/\/www.pellesreiser.no\/wp-content\/uploads\/2025\/03\/bussene-1400x800-1.jpg","type":"image\/jpeg"}],"twitter_card":"summary_large_image","twitter_misc":{"Estimated reading time":"1 minute"},"schema":{"@context":"https:\/\/schema.org","@graph":[{"@type":"WebPage","@id":"https:\/\/www.pellesreiser.no\/om-pelles-reiser\/","url":"https:\/\/www.pellesreiser.no\/om-pelles-reiser\/","name":"About Pelle's Reiser - Pelle's Reiser","isPartOf":{"@id":"https:\/\/www.pellesreiser.no\/#website"},"primaryImageOfPage":{"@id":"https:\/\/www.pellesreiser.no\/om-pelles-reiser\/#primaryimage"},"image":{"@id":"https:\/\/www.pellesreiser.no\/om-pelles-reiser\/#primaryimage"},"thumbnailUrl":"https:\/\/www.pellesreiser.no\/wp-content\/uploads\/2025\/03\/bussene-1400x800-1-1024x585.jpg","datePublished":"2025-03-28T11:38:09+00:00","dateModified":"2025-03-28T11:43:48+00:00","breadcrumb":{"@id":"https:\/\/www.pellesreiser.no\/om-pelles-reiser\/#breadcrumb"},"inLanguage":"en-GB","potentialAction":[{"@type":"ReadAction","target":["https:\/\/www.pellesreiser.no\/om-pelles-reiser\/"]}]},{"@type":"ImageObject","inLanguage":"en-GB","@id":"https:\/\/www.pellesreiser.no\/om-pelles-reiser\/#primaryimage","url":"https:\/\/www.pellesreiser.no\/wp-content\/uploads\/2025\/03\/bussene-1400x800-1-1024x585.jpg","contentUrl":"https:\/\/www.pellesreiser.no\/wp-content\/uploads\/2025\/03\/bussene-1400x800-1-1024x585.jpg"},{"@type":"BreadcrumbList","@id":"https:\/\/www.pellesreiser.no\/om-pelles-reiser\/#breadcrumb","itemListElement":[{"@type":"ListItem","position":1,"name":"Home","item":"https:\/\/www.pellesreiser.no\/"},{"@type":"ListItem","position":2,"name":"Om Pelles Reiser"}]},{"@type":"WebSite","@id":"https:\/\/www.pellesreiser.no\/#website","url":"https:\/\/www.pellesreiser.no\/","name":"Pelle's Reiser","description":"","publisher":{"@id":"https:\/\/www.pellesreiser.no\/#organization"},"potentialAction":[{"@type":"SearchAction","target":{"@type":"EntryPoint","urlTemplate":"https:\/\/www.pellesreiser.no\/?s={search_term_string}"},"query-input":{"@type":"PropertyValueSpecification","valueRequired":true,"valueName":"search_term_string"}}],"inLanguage":"en-GB"},{"@type":"Organization","@id":"https:\/\/www.pellesreiser.no\/#organization","name":"Pelle's Reiser","url":"https:\/\/www.pellesreiser.no\/","logo":{"@type":"ImageObject","inLanguage":"en-GB","@id":"https:\/\/www.pellesreiser.no\/#\/schema\/logo\/image\/","url":"https:\/\/www.pellesreiser.no\/wp-content\/uploads\/2025\/05\/Pelles_reiser-logo-.svg","contentUrl":"https:\/\/www.pellesreiser.no\/wp-content\/uploads\/2025\/05\/Pelles_reiser-logo-.svg","caption":"Pelle&#039;s Reiser"},"image":{"@id":"https:\/\/www.pellesreiser.no\/#\/schema\/logo\/image\/"}}]}},"_links":{"self":[{"href":"https:\/\/www.pellesreiser.no\/en\/wp-json\/wp\/v2\/pages\/8037","targetHints":{"allow":["GET"]}}],"collection":[{"href":"https:\/\/www.pellesreiser.no\/en\/wp-json\/wp\/v2\/pages"}],"about":[{"href":"https:\/\/www.pellesreiser.no\/en\/wp-json\/wp\/v2\/types\/page"}],"author":[{"embeddable":true,"href":"https:\/\/www.pellesreiser.no\/en\/wp-json\/wp\/v2\/users\/1"}],"replies":[{"embeddable":true,"href":"https:\/\/www.pellesreiser.no\/en\/wp-json\/wp\/v2\/comments?post=8037"}],"version-history":[{"count":7,"href":"https:\/\/www.pellesreiser.no\/en\/wp-json\/wp\/v2\/pages\/8037\/revisions"}],"predecessor-version":[{"id":8046,"href":"https:\/\/www.pellesreiser.no\/en\/wp-json\/wp\/v2\/pages\/8037\/revisions\/8046"}],"wp:attachment":[{"href":"https:\/\/www.pellesreiser.no\/en\/wp-json\/wp\/v2\/media?parent=8037"}],"curies":[{"name":"wp","href":"https:\/\/api.w.org\/{rel}","templated":true}]}}