{"id":8047,"date":"2025-03-28T12:44:19","date_gmt":"2025-03-28T11:44:19","guid":{"rendered":"https:\/\/www-pellesreiser.wp1.hcweb.dev\/?page_id=8047"},"modified":"2025-03-28T12:45:08","modified_gmt":"2025-03-28T11:45:08","slug":"vacancy","status":"publish","type":"page","link":"https:\/\/www.pellesreiser.no\/en\/ledig-stilling\/","title":{"rendered":"Vacant position"},"content":{"rendered":"<div data-elementor-type=\"wp-page\" data-elementor-id=\"8047\" class=\"elementor elementor-8047\" data-elementor-post-type=\"page\">\n\t\t\t\t<div class=\"elementor-element elementor-element-e87b4dd e-flex e-con-boxed e-con e-parent\" data-id=\"e87b4dd\" data-element_type=\"container\" data-e-type=\"container\">\n\t\t\t\t\t<div class=\"e-con-inner\">\n\t\t\t\t<div class=\"elementor-element elementor-element-7b6ca4b elementor-widget elementor-widget-heading\" data-id=\"7b6ca4b\" data-element_type=\"widget\" data-e-type=\"widget\" data-widget_type=\"heading.default\">\n\t\t\t\t<div class=\"elementor-widget-container\">\n\t\t\t\t\t<h2 class=\"elementor-heading-title elementor-size-default\">Vacant position<\/h2>\t\t\t\t<\/div>\n\t\t\t\t<\/div>\n\t\t\t\t<div class=\"elementor-element elementor-element-ca1ff4d elementor-widget elementor-widget-text-editor\" data-id=\"ca1ff4d\" data-element_type=\"widget\" data-e-type=\"widget\" data-widget_type=\"text-editor.default\">\n\t\t\t\t<div class=\"elementor-widget-container\">\n\t\t\t\t\t\t\t\t\t<p>We currently have no permanent positions available, but are always interested in hearing from skilled drivers as call centre temps. Send your CV to\u00a0<a href=\"mailto:tur@pellesreiser.no\">tur@pellesreiser.no<\/a>.<\/p>\n<p>We need more on-call temps, weekend temps and summer temps in Oane's kiosk. Send your CV to\u00a0<strong><a href=\"mailto:strama@online.no\">strama@online.no<\/a>.<\/strong><\/p>\t\t\t\t\t\t\t\t<\/div>\n\t\t\t\t<\/div>\n\t\t\t\t\t<\/div>\n\t\t\t\t<\/div>\n\t\t\t\t<\/div>","protected":false},"excerpt":{"rendered":"<p>Vacancy We currently have no vacant permanent positions, but are always interested in hearing from skilled drivers as call centre temps. Send your CV to tur@pellesreiser.no. We need more call centre temps, weekend temps and summer temps in Oane's kiosk. Send your CV to strama@online.no.<\/p>","protected":false},"author":1,"featured_media":0,"parent":0,"menu_order":0,"comment_status":"closed","ping_status":"closed","template":"","meta":{"_acf_changed":false,"footnotes":""},"class_list":["post-8047","page","type-page","status-publish","hentry"],"acf":[],"yoast_head":"<!-- This site is optimized with the Yoast SEO plugin v27.2 - https:\/\/yoast.com\/product\/yoast-seo-wordpress\/ -->\n<title>Ledig stilling - Pelle&#039;s Reiser<\/title>\n<meta name=\"robots\" content=\"index, follow, max-snippet:-1, max-image-preview:large, max-video-preview:-1\" \/>\n<link rel=\"canonical\" href=\"https:\/\/www.pellesreiser.no\/en\/vacancy\/\" \/>\n<meta property=\"og:locale\" content=\"en_GB\" \/>\n<meta property=\"og:type\" content=\"article\" \/>\n<meta property=\"og:title\" content=\"Ledig stilling - Pelle&#039;s Reiser\" \/>\n<meta property=\"og:description\" content=\"Ledig stilling Vi har for tiden ingen ledige faste stillinger, men er alltid interessert i \u00e5 h\u00f8re fra dyktige sj\u00e5f\u00f8rer\u00a0som ringevikar. Send CV til\u00a0tur@pellesreiser.no. Vi trenger flere ringevikarer, helgevikarer og sommervikarer i Oanes kiosk. Send CV til\u00a0strama@online.no.\" \/>\n<meta property=\"og:url\" content=\"https:\/\/www.pellesreiser.no\/en\/vacancy\/\" \/>\n<meta property=\"og:site_name\" content=\"Pelle&#039;s Reiser\" \/>\n<meta property=\"article:modified_time\" content=\"2025-03-28T11:45:08+00:00\" \/>\n<meta name=\"twitter:card\" content=\"summary_large_image\" \/>\n<script type=\"application\/ld+json\" class=\"yoast-schema-graph\">{\"@context\":\"https:\/\/schema.org\",\"@graph\":[{\"@type\":\"WebPage\",\"@id\":\"https:\/\/www.pellesreiser.no\/ledig-stilling\/\",\"url\":\"https:\/\/www.pellesreiser.no\/ledig-stilling\/\",\"name\":\"Ledig stilling - Pelle&#039;s Reiser\",\"isPartOf\":{\"@id\":\"https:\/\/www.pellesreiser.no\/#website\"},\"datePublished\":\"2025-03-28T11:44:19+00:00\",\"dateModified\":\"2025-03-28T11:45:08+00:00\",\"breadcrumb\":{\"@id\":\"https:\/\/www.pellesreiser.no\/ledig-stilling\/#breadcrumb\"},\"inLanguage\":\"en-GB\",\"potentialAction\":[{\"@type\":\"ReadAction\",\"target\":[\"https:\/\/www.pellesreiser.no\/ledig-stilling\/\"]}]},{\"@type\":\"BreadcrumbList\",\"@id\":\"https:\/\/www.pellesreiser.no\/ledig-stilling\/#breadcrumb\",\"itemListElement\":[{\"@type\":\"ListItem\",\"position\":1,\"name\":\"Home\",\"item\":\"https:\/\/www.pellesreiser.no\/\"},{\"@type\":\"ListItem\",\"position\":2,\"name\":\"Ledig stilling\"}]},{\"@type\":\"WebSite\",\"@id\":\"https:\/\/www.pellesreiser.no\/#website\",\"url\":\"https:\/\/www.pellesreiser.no\/\",\"name\":\"Pelle&#039;s Reiser\",\"description\":\"\",\"publisher\":{\"@id\":\"https:\/\/www.pellesreiser.no\/#organization\"},\"potentialAction\":[{\"@type\":\"SearchAction\",\"target\":{\"@type\":\"EntryPoint\",\"urlTemplate\":\"https:\/\/www.pellesreiser.no\/?s={search_term_string}\"},\"query-input\":{\"@type\":\"PropertyValueSpecification\",\"valueRequired\":true,\"valueName\":\"search_term_string\"}}],\"inLanguage\":\"en-GB\"},{\"@type\":\"Organization\",\"@id\":\"https:\/\/www.pellesreiser.no\/#organization\",\"name\":\"Pelle&#039;s Reiser\",\"url\":\"https:\/\/www.pellesreiser.no\/\",\"logo\":{\"@type\":\"ImageObject\",\"inLanguage\":\"en-GB\",\"@id\":\"https:\/\/www.pellesreiser.no\/#\/schema\/logo\/image\/\",\"url\":\"https:\/\/www.pellesreiser.no\/wp-content\/uploads\/2025\/05\/Pelles_reiser-logo-.svg\",\"contentUrl\":\"https:\/\/www.pellesreiser.no\/wp-content\/uploads\/2025\/05\/Pelles_reiser-logo-.svg\",\"caption\":\"Pelle&#039;s Reiser\"},\"image\":{\"@id\":\"https:\/\/www.pellesreiser.no\/#\/schema\/logo\/image\/\"}}]}<\/script>\n<!-- \/ Yoast SEO plugin. -->","yoast_head_json":{"title":"Vacancy - Pelle's Reiser","robots":{"index":"index","follow":"follow","max-snippet":"max-snippet:-1","max-image-preview":"max-image-preview:large","max-video-preview":"max-video-preview:-1"},"canonical":"https:\/\/www.pellesreiser.no\/en\/vacancy\/","og_locale":"en_GB","og_type":"article","og_title":"Ledig stilling - Pelle&#039;s Reiser","og_description":"Ledig stilling Vi har for tiden ingen ledige faste stillinger, men er alltid interessert i \u00e5 h\u00f8re fra dyktige sj\u00e5f\u00f8rer\u00a0som ringevikar. Send CV til\u00a0tur@pellesreiser.no. Vi trenger flere ringevikarer, helgevikarer og sommervikarer i Oanes kiosk. Send CV til\u00a0strama@online.no.","og_url":"https:\/\/www.pellesreiser.no\/en\/vacancy\/","og_site_name":"Pelle&#039;s Reiser","article_modified_time":"2025-03-28T11:45:08+00:00","twitter_card":"summary_large_image","schema":{"@context":"https:\/\/schema.org","@graph":[{"@type":"WebPage","@id":"https:\/\/www.pellesreiser.no\/ledig-stilling\/","url":"https:\/\/www.pellesreiser.no\/ledig-stilling\/","name":"Vacancy - Pelle's Reiser","isPartOf":{"@id":"https:\/\/www.pellesreiser.no\/#website"},"datePublished":"2025-03-28T11:44:19+00:00","dateModified":"2025-03-28T11:45:08+00:00","breadcrumb":{"@id":"https:\/\/www.pellesreiser.no\/ledig-stilling\/#breadcrumb"},"inLanguage":"en-GB","potentialAction":[{"@type":"ReadAction","target":["https:\/\/www.pellesreiser.no\/ledig-stilling\/"]}]},{"@type":"BreadcrumbList","@id":"https:\/\/www.pellesreiser.no\/ledig-stilling\/#breadcrumb","itemListElement":[{"@type":"ListItem","position":1,"name":"Home","item":"https:\/\/www.pellesreiser.no\/"},{"@type":"ListItem","position":2,"name":"Ledig stilling"}]},{"@type":"WebSite","@id":"https:\/\/www.pellesreiser.no\/#website","url":"https:\/\/www.pellesreiser.no\/","name":"Pelle's Reiser","description":"","publisher":{"@id":"https:\/\/www.pellesreiser.no\/#organization"},"potentialAction":[{"@type":"SearchAction","target":{"@type":"EntryPoint","urlTemplate":"https:\/\/www.pellesreiser.no\/?s={search_term_string}"},"query-input":{"@type":"PropertyValueSpecification","valueRequired":true,"valueName":"search_term_string"}}],"inLanguage":"en-GB"},{"@type":"Organization","@id":"https:\/\/www.pellesreiser.no\/#organization","name":"Pelle's Reiser","url":"https:\/\/www.pellesreiser.no\/","logo":{"@type":"ImageObject","inLanguage":"en-GB","@id":"https:\/\/www.pellesreiser.no\/#\/schema\/logo\/image\/","url":"https:\/\/www.pellesreiser.no\/wp-content\/uploads\/2025\/05\/Pelles_reiser-logo-.svg","contentUrl":"https:\/\/www.pellesreiser.no\/wp-content\/uploads\/2025\/05\/Pelles_reiser-logo-.svg","caption":"Pelle&#039;s Reiser"},"image":{"@id":"https:\/\/www.pellesreiser.no\/#\/schema\/logo\/image\/"}}]}},"_links":{"self":[{"href":"https:\/\/www.pellesreiser.no\/en\/wp-json\/wp\/v2\/pages\/8047","targetHints":{"allow":["GET"]}}],"collection":[{"href":"https:\/\/www.pellesreiser.no\/en\/wp-json\/wp\/v2\/pages"}],"about":[{"href":"https:\/\/www.pellesreiser.no\/en\/wp-json\/wp\/v2\/types\/page"}],"author":[{"embeddable":true,"href":"https:\/\/www.pellesreiser.no\/en\/wp-json\/wp\/v2\/users\/1"}],"replies":[{"embeddable":true,"href":"https:\/\/www.pellesreiser.no\/en\/wp-json\/wp\/v2\/comments?post=8047"}],"version-history":[{"count":4,"href":"https:\/\/www.pellesreiser.no\/en\/wp-json\/wp\/v2\/pages\/8047\/revisions"}],"predecessor-version":[{"id":8051,"href":"https:\/\/www.pellesreiser.no\/en\/wp-json\/wp\/v2\/pages\/8047\/revisions\/8051"}],"wp:attachment":[{"href":"https:\/\/www.pellesreiser.no\/en\/wp-json\/wp\/v2\/media?parent=8047"}],"curies":[{"name":"wp","href":"https:\/\/api.w.org\/{rel}","templated":true}]}}