{"id":8085,"date":"2025-03-31T10:56:31","date_gmt":"2025-03-31T08:56:31","guid":{"rendered":"https:\/\/www-pellesreiser.wp1.hcweb.dev\/?page_id=8085"},"modified":"2026-04-22T18:20:21","modified_gmt":"2026-04-22T16:20:21","slug":"bus-tickets","status":"publish","type":"page","link":"https:\/\/www.pellesreiser.no\/en\/bussbilletter\/","title":{"rendered":"Bus tickets"},"content":{"rendered":"<div data-elementor-type=\"wp-page\" data-elementor-id=\"8085\" class=\"elementor elementor-8085\" data-elementor-post-type=\"page\">\n\t\t\t\t<div class=\"elementor-element elementor-element-67897f5 e-flex e-con-boxed e-con e-parent\" data-id=\"67897f5\" data-element_type=\"container\" data-e-type=\"container\">\n\t\t\t\t\t<div class=\"e-con-inner\">\n\t\t\t\t<div class=\"elementor-element elementor-element-a31b342 elementor-widget elementor-widget-text-editor\" data-id=\"a31b342\" data-element_type=\"widget\" data-e-type=\"widget\" data-widget_type=\"text-editor.default\">\n\t\t\t\t<div class=\"elementor-widget-container\">\n\t\t\t\t\t\t\t\t\t<p>Keep in mind that some bus routes are cancelled at times.\u00a0<strong>For booking off-peak journeys<\/strong>, send an enquiry to tur@pellesreiser.no or <a style=\"background-color: #ffffff;\" href=\"https:\/\/www.pellesreiser.no\/en\/contact-us\/\">send via contact form here<\/a>.<\/p>\t\t\t\t\t\t\t\t<\/div>\n\t\t\t\t<\/div>\n\t\t\t\t\t<\/div>\n\t\t\t\t<\/div>\n\t\t<div class=\"elementor-element elementor-element-9f3b49d e-flex e-con-boxed e-con e-parent\" data-id=\"9f3b49d\" data-element_type=\"container\" data-e-type=\"container\">\n\t\t\t\t\t<div class=\"e-con-inner\">\n\t\t\t\t<div class=\"elementor-element elementor-element-73352d7 elementor-widget elementor-widget-text-editor\" data-id=\"73352d7\" data-element_type=\"widget\" data-e-type=\"widget\" data-widget_type=\"text-editor.default\">\n\t\t\t\t<div class=\"elementor-widget-container\">\n\t\t\t\t\t\t\t\t\t<p>Our regular routes from to and from J\u00f8rpelandsv\u00e5gen to Prekestolen have been put on hold for this month.<\/p><p>We start up again in May.<\/p>\t\t\t\t\t\t\t\t<\/div>\n\t\t\t\t<\/div>\n\t\t\t\t\t<\/div>\n\t\t\t\t<\/div>\n\t\t<div class=\"elementor-element elementor-element-7025b87 elementor-hidden-desktop elementor-hidden-tablet elementor-hidden-mobile e-flex e-con-boxed e-con e-parent\" data-id=\"7025b87\" data-element_type=\"container\" data-e-type=\"container\">\n\t\t\t\t\t<div class=\"e-con-inner\">\n\t\t\t\t<div class=\"elementor-element elementor-element-6f16433 elementor-widget elementor-widget-shortcode\" data-id=\"6f16433\" data-element_type=\"widget\" data-e-type=\"widget\" data-widget_type=\"shortcode.default\">\n\t\t\t\t<div class=\"elementor-widget-container\">\n\t\t\t\t\t\t\t<div class=\"elementor-shortcode\"><div class=\"woocommerce-notices-wrapper\"><\/div>\t\t\t\t<div class=\"wbtm_style wbtm_container\">\r\n\t\t\t\t\t        <div id=\"wbtm_area\">\r\n            <div class=\"_dLayout wbtm_search_area inputInline\">\r\n\t\t\t\t                    <h4>BUY TICKET<\/h4>\r\n\t\t\t\t                <input type=\"hidden\" name=\"wbtm_post_id\" value=\"0\"\/>\r\n                <form action=\"\" method=\"get\" class=\"mpForm\" data-trp-original-action=\"\">\r\n\r\n                    <input type=\"hidden\" name='wbtm_list_style' value=\"\"\/>\r\n                    <input type=\"hidden\" name='wbtm_list_btn_show' value=\"show\"\/>\r\n                    <input type=\"hidden\" name='wbtm_left_filter_show' value=\"off\"\/>\r\n                    <input type=\"hidden\" name='wbtm_left_filter_type' value=\"on\"\/>\r\n                    <input type=\"hidden\" name='wbtm_left_filter_operator' value=\"on\"\/>\r\n                    <input type=\"hidden\" name='wbtm_left_filter_boarding' value=\"on\"\/>\r\n\r\n\t\t\t\t\t<input type=\"hidden\" id=\"wbtm_form_nonce\" name=\"wbtm_form_nonce\" value=\"2fbcb322b9\" \/><input type=\"hidden\" name=\"_wp_http_referer\" value=\"\/en\/wp-json\/wp\/v2\/pages\/8085\" \/>\t\t\t\t\t\r\n                    <div class=\"wbtm_search_input_fields_holder\">\r\n                        <div class=\"wbtm_input_fields_holder\">\r\n                            <div class=\"wbtm_input_start_end_location\">\r\n                                \r\n                                <div class=\"wtbm_inputList wbtm_input_select wbtm_start_point\">\r\n                                    <label class=\"wtbm_fdColumn\">\r\n                                        From                                        <div class=\"marker\">\r\n                                            <i class=\"fas fa-map-marker-alt\"><\/i>\r\n                                            <input type=\"text\" class=\"formControl\" name=\"bus_start_route\" id=\"bus_start_route\" value=\"\" placeholder=\"Please Select\" autocomplete=\"off\" required>\r\n                                        <\/div>\r\n                                    <\/label>\r\n                                                        <ul class=\"wbtm_input_select_list\">\r\n\t\t\t\t\t\t                            <li data-value=\"Preikestolen parkering\">\r\n\t\t\t\t\t\t\t\tPreikestolen car park                            <\/li>\r\n\t\t\t\t\t\t                            <li data-value=\"J\u00f8rpelandsv\u00e5gen\">\r\n\t\t\t\t\t\t\t\tJ\u00f8rpelandsv\u00e5gen                            <\/li>\r\n\t\t\t\t\t\t                            <li data-value=\"Preikestolen Bobilparkering\">\r\n\t\t\t\t\t\t\t\tPreikestolen Motorhome Parking                            <\/li>\r\n\t\t\t\t\t\t                            <li data-value=\"Preikestolen camping\">\r\n\t\t\t\t\t\t\t\tPreikestolen campsite                            <\/li>\r\n\t\t\t\t\t\t                    <\/ul>\r\n\t\t\t\t\t                                <\/div>\r\n                                <div class=\"wbtm_search_location_toggle\" id=\"wbtm_search_location_toggle\" title=\"Swap locations\">\r\n                                    <i class=\"fas fa-exchange-alt\"><\/i>\r\n                                <\/div>\r\n                                <div class=\"wtbm_inputList wbtm_input_select wbtm_dropping_point\" data-alert=\"You select Wrong Route !\">\r\n                                    <label class=\"wtbm_fdColumn\">\r\n                                        To                                        <div class=\"marker\">\r\n                                            <i class=\"fas fa-map-marker-alt wtbm_icon_margin\"><\/i>\r\n                                            <input type=\"text\" class=\"formControl\" name=\"bus_end_route\" value=\"\" placeholder=\"Please Select\" autocomplete=\"off\" required>\r\n                                        <\/div>\r\n                                    <\/label>\r\n                                                        <ul class=\"wbtm_input_select_list\">\r\n\t\t\t\t\t\t                            <li data-value=\"Preikestolen parkering\">\r\n\t\t\t\t\t\t\t\tPreikestolen car park                            <\/li>\r\n\t\t\t\t\t\t                            <li data-value=\"J\u00f8rpelandsv\u00e5gen\">\r\n\t\t\t\t\t\t\t\tJ\u00f8rpelandsv\u00e5gen                            <\/li>\r\n\t\t\t\t\t\t                            <li data-value=\"Preikestolen Bobilparkering\">\r\n\t\t\t\t\t\t\t\tPreikestolen Motorhome Parking                            <\/li>\r\n\t\t\t\t\t\t                            <li data-value=\"Preikestolen camping\">\r\n\t\t\t\t\t\t\t\tPreikestolen campsite                            <\/li>\r\n\t\t\t\t\t\t                    <\/ul>\r\n\t\t\t\t\t                                <\/div>\r\n                            <\/div>\r\n                            <div class=\"wbtm_input_start_end_date\">\r\n                                <div class=\"wtbm_inputList wbtm_journey_date\">\r\n                                                    <label class=\"wtbm_fdColumn\">\r\n\t\t\t\t\tDeparture                    <div class=\"calendar\">\r\n                        <i class=\"fas fa-calendar-alt\"><\/i>\r\n                        <input type=\"hidden\" name=\"j_date\" value=\"\" required>\r\n                        <input id=\"wbtm_journey_date\" type=\"text\" value=\"\" class=\"formControl\" placeholder=\"Fri 1 May , 2026\" data-alert=\"Please select Starting Point !\" readonly required>\r\n                    <\/div>\r\n                <\/label>\r\n\t\t\t\t                                <\/div>\r\n                                                                    <div class=\"wtbm_inputList wbtm_return_date\">\r\n                                                        <label class=\"wtbm_fdColumn\">\r\n\t\t\t\t\tReturn journey (optional)                    <div class=\"calendar\">\r\n                        <i class=\"fas fa-calendar-alt\"><\/i>\r\n                        <input type=\"hidden\" name=\"r_date\" value=\"\"\/>\r\n                        <input id=\"wbtm_return_date\" type=\"text\" value=\"\" class=\"formControl\" placeholder=\"Fri 1 May , 2026\" readonly>\r\n                    <\/div>\r\n                <\/label>\r\n\t\t\t\t                                    <\/div>\r\n                                                            <\/div>\r\n                        <\/div>\r\n                        <div class=\"wtbm_bus_search_button_holder\" style=\"display: flex\">\r\n                            <div class=\"_dFlex_fdColumn_justifyBetween_fullHeight search_button_holder\">\r\n                                <span>&nbsp;<\/span>\r\n                                                                    <button type=\"submit\" class=\"_themeButton_radius wbtm_bus_submit\" style=\"display: none\">\r\n                                        <span class=\"fas fa-search mR_xs\"><\/span>Search                                    <\/button>\r\n<!--                                -->                                    <button type=\"button\" class=\"_themeButton_radius get_wbtm_bus_list\" style=\" display: block\">\r\n                                        <span class=\"fas fa-search mR_xs\"><\/span>Search                                    <\/button>\r\n<!--                                -->                            <\/div>\r\n                        <\/div>\r\n                    <\/div>\r\n\r\n                <input type=\"hidden\" name=\"trp-form-language\" value=\"en\"\/><\/form>\r\n            <\/div>\r\n            <div class=\"_ovHidden wbtm_search_result\">\r\n\t\t\t\t            <\/div>\r\n        <\/div>\r\n\t\t\t\t\t\t<\/div>\r\n\t\t\t\t<\/div>\n\t\t\t\t\t\t<\/div>\n\t\t\t\t<\/div>\n\t\t\t\t\t<\/div>\n\t\t\t\t<\/div>\n\t\t\t\t<\/div>","protected":false},"excerpt":{"rendered":"<p>Remember that some bus routes are cancelled during certain periods. To book off-peak journeys, please send a request to tur@pellesreiser.no or use the contact form here. Our regular routes from to and from J\u00f8rpelandsv\u00e5gen to Prekestolen are paused for this month. We will start up again in May.<\/p>","protected":false},"author":1,"featured_media":0,"parent":0,"menu_order":0,"comment_status":"closed","ping_status":"closed","template":"template-fullwidth.php","meta":{"_acf_changed":false,"footnotes":""},"class_list":["post-8085","page","type-page","status-publish","hentry"],"acf":[],"yoast_head":"<!-- This site is optimized with the Yoast SEO plugin v27.2 - https:\/\/yoast.com\/product\/yoast-seo-wordpress\/ -->\n<title>Bussbilletter - Pelle&#039;s Reiser<\/title>\n<meta name=\"robots\" content=\"index, follow, max-snippet:-1, max-image-preview:large, max-video-preview:-1\" \/>\n<link rel=\"canonical\" href=\"https:\/\/www.pellesreiser.no\/en\/bus-tickets\/\" \/>\n<meta property=\"og:locale\" content=\"en_GB\" \/>\n<meta property=\"og:type\" content=\"article\" \/>\n<meta property=\"og:title\" content=\"Bussbilletter - Pelle&#039;s Reiser\" \/>\n<meta property=\"og:description\" content=\"Husk at enkelte bussruter utg\u00e5r i perioder.\u00a0For bestilling av reiser utenom rutetider, send en foresp\u00f8rsel til tur@pellesreiser.no eller send via kontaktskjema her. V\u00e5re faste ruter fra til og fra\u00a0 J\u00f8rpelandsv\u00e5gen til Prekestolen er satt p\u00e5 pause for denne m\u00e5neden. Vi starter opp igjen i mai.\" \/>\n<meta property=\"og:url\" content=\"https:\/\/www.pellesreiser.no\/en\/bus-tickets\/\" \/>\n<meta property=\"og:site_name\" content=\"Pelle&#039;s Reiser\" \/>\n<meta property=\"article:modified_time\" content=\"2026-04-22T16:20:21+00:00\" \/>\n<meta name=\"twitter:card\" content=\"summary_large_image\" \/>\n<meta name=\"twitter:label1\" content=\"Estimated reading time\" \/>\n\t<meta name=\"twitter:data1\" content=\"1 minute\" \/>\n<script type=\"application\/ld+json\" class=\"yoast-schema-graph\">{\"@context\":\"https:\/\/schema.org\",\"@graph\":[{\"@type\":\"WebPage\",\"@id\":\"https:\/\/www.pellesreiser.no\/bussbilletter\/\",\"url\":\"https:\/\/www.pellesreiser.no\/bussbilletter\/\",\"name\":\"Bussbilletter - Pelle&#039;s Reiser\",\"isPartOf\":{\"@id\":\"https:\/\/www.pellesreiser.no\/#website\"},\"datePublished\":\"2025-03-31T08:56:31+00:00\",\"dateModified\":\"2026-04-22T16:20:21+00:00\",\"breadcrumb\":{\"@id\":\"https:\/\/www.pellesreiser.no\/bussbilletter\/#breadcrumb\"},\"inLanguage\":\"en-GB\",\"potentialAction\":[{\"@type\":\"ReadAction\",\"target\":[\"https:\/\/www.pellesreiser.no\/bussbilletter\/\"]}]},{\"@type\":\"BreadcrumbList\",\"@id\":\"https:\/\/www.pellesreiser.no\/bussbilletter\/#breadcrumb\",\"itemListElement\":[{\"@type\":\"ListItem\",\"position\":1,\"name\":\"Home\",\"item\":\"https:\/\/www.pellesreiser.no\/\"},{\"@type\":\"ListItem\",\"position\":2,\"name\":\"Bussbilletter\"}]},{\"@type\":\"WebSite\",\"@id\":\"https:\/\/www.pellesreiser.no\/#website\",\"url\":\"https:\/\/www.pellesreiser.no\/\",\"name\":\"Pelle&#039;s Reiser\",\"description\":\"\",\"publisher\":{\"@id\":\"https:\/\/www.pellesreiser.no\/#organization\"},\"potentialAction\":[{\"@type\":\"SearchAction\",\"target\":{\"@type\":\"EntryPoint\",\"urlTemplate\":\"https:\/\/www.pellesreiser.no\/?s={search_term_string}\"},\"query-input\":{\"@type\":\"PropertyValueSpecification\",\"valueRequired\":true,\"valueName\":\"search_term_string\"}}],\"inLanguage\":\"en-GB\"},{\"@type\":\"Organization\",\"@id\":\"https:\/\/www.pellesreiser.no\/#organization\",\"name\":\"Pelle&#039;s Reiser\",\"url\":\"https:\/\/www.pellesreiser.no\/\",\"logo\":{\"@type\":\"ImageObject\",\"inLanguage\":\"en-GB\",\"@id\":\"https:\/\/www.pellesreiser.no\/#\/schema\/logo\/image\/\",\"url\":\"https:\/\/www.pellesreiser.no\/wp-content\/uploads\/2025\/05\/Pelles_reiser-logo-.svg\",\"contentUrl\":\"https:\/\/www.pellesreiser.no\/wp-content\/uploads\/2025\/05\/Pelles_reiser-logo-.svg\",\"caption\":\"Pelle&#039;s Reiser\"},\"image\":{\"@id\":\"https:\/\/www.pellesreiser.no\/#\/schema\/logo\/image\/\"}}]}<\/script>\n<!-- \/ Yoast SEO plugin. -->","yoast_head_json":{"title":"Bus tickets - Pelle's Reiser","robots":{"index":"index","follow":"follow","max-snippet":"max-snippet:-1","max-image-preview":"max-image-preview:large","max-video-preview":"max-video-preview:-1"},"canonical":"https:\/\/www.pellesreiser.no\/en\/bus-tickets\/","og_locale":"en_GB","og_type":"article","og_title":"Bussbilletter - Pelle&#039;s Reiser","og_description":"Husk at enkelte bussruter utg\u00e5r i perioder.\u00a0For bestilling av reiser utenom rutetider, send en foresp\u00f8rsel til tur@pellesreiser.no eller send via kontaktskjema her. V\u00e5re faste ruter fra til og fra\u00a0 J\u00f8rpelandsv\u00e5gen til Prekestolen er satt p\u00e5 pause for denne m\u00e5neden. Vi starter opp igjen i mai.","og_url":"https:\/\/www.pellesreiser.no\/en\/bus-tickets\/","og_site_name":"Pelle&#039;s Reiser","article_modified_time":"2026-04-22T16:20:21+00:00","twitter_card":"summary_large_image","twitter_misc":{"Estimated reading time":"1 minute"},"schema":{"@context":"https:\/\/schema.org","@graph":[{"@type":"WebPage","@id":"https:\/\/www.pellesreiser.no\/bussbilletter\/","url":"https:\/\/www.pellesreiser.no\/bussbilletter\/","name":"Bus tickets - Pelle's Reiser","isPartOf":{"@id":"https:\/\/www.pellesreiser.no\/#website"},"datePublished":"2025-03-31T08:56:31+00:00","dateModified":"2026-04-22T16:20:21+00:00","breadcrumb":{"@id":"https:\/\/www.pellesreiser.no\/bussbilletter\/#breadcrumb"},"inLanguage":"en-GB","potentialAction":[{"@type":"ReadAction","target":["https:\/\/www.pellesreiser.no\/bussbilletter\/"]}]},{"@type":"BreadcrumbList","@id":"https:\/\/www.pellesreiser.no\/bussbilletter\/#breadcrumb","itemListElement":[{"@type":"ListItem","position":1,"name":"Home","item":"https:\/\/www.pellesreiser.no\/"},{"@type":"ListItem","position":2,"name":"Bussbilletter"}]},{"@type":"WebSite","@id":"https:\/\/www.pellesreiser.no\/#website","url":"https:\/\/www.pellesreiser.no\/","name":"Pelle's Reiser","description":"","publisher":{"@id":"https:\/\/www.pellesreiser.no\/#organization"},"potentialAction":[{"@type":"SearchAction","target":{"@type":"EntryPoint","urlTemplate":"https:\/\/www.pellesreiser.no\/?s={search_term_string}"},"query-input":{"@type":"PropertyValueSpecification","valueRequired":true,"valueName":"search_term_string"}}],"inLanguage":"en-GB"},{"@type":"Organization","@id":"https:\/\/www.pellesreiser.no\/#organization","name":"Pelle's Reiser","url":"https:\/\/www.pellesreiser.no\/","logo":{"@type":"ImageObject","inLanguage":"en-GB","@id":"https:\/\/www.pellesreiser.no\/#\/schema\/logo\/image\/","url":"https:\/\/www.pellesreiser.no\/wp-content\/uploads\/2025\/05\/Pelles_reiser-logo-.svg","contentUrl":"https:\/\/www.pellesreiser.no\/wp-content\/uploads\/2025\/05\/Pelles_reiser-logo-.svg","caption":"Pelle&#039;s Reiser"},"image":{"@id":"https:\/\/www.pellesreiser.no\/#\/schema\/logo\/image\/"}}]}},"_links":{"self":[{"href":"https:\/\/www.pellesreiser.no\/en\/wp-json\/wp\/v2\/pages\/8085","targetHints":{"allow":["GET"]}}],"collection":[{"href":"https:\/\/www.pellesreiser.no\/en\/wp-json\/wp\/v2\/pages"}],"about":[{"href":"https:\/\/www.pellesreiser.no\/en\/wp-json\/wp\/v2\/types\/page"}],"author":[{"embeddable":true,"href":"https:\/\/www.pellesreiser.no\/en\/wp-json\/wp\/v2\/users\/1"}],"replies":[{"embeddable":true,"href":"https:\/\/www.pellesreiser.no\/en\/wp-json\/wp\/v2\/comments?post=8085"}],"version-history":[{"count":46,"href":"https:\/\/www.pellesreiser.no\/en\/wp-json\/wp\/v2\/pages\/8085\/revisions"}],"predecessor-version":[{"id":9020,"href":"https:\/\/www.pellesreiser.no\/en\/wp-json\/wp\/v2\/pages\/8085\/revisions\/9020"}],"wp:attachment":[{"href":"https:\/\/www.pellesreiser.no\/en\/wp-json\/wp\/v2\/media?parent=8085"}],"curies":[{"name":"wp","href":"https:\/\/api.w.org\/{rel}","templated":true}]}}